{"id":3078,"date":"2026-02-20T08:37:21","date_gmt":"2026-02-20T08:37:21","guid":{"rendered":"https:\/\/www.gmcid.ro\/ro\/?page_id=3078"},"modified":"2026-02-20T08:38:18","modified_gmt":"2026-02-20T08:38:18","slug":"anca-gabriela-vlase","status":"publish","type":"page","link":"https:\/\/www.gmcid.ro\/ro\/anca-gabriela-vlase\/","title":{"rendered":"Anca Gabriela Vlase"},"content":{"rendered":"<p>[vc_row][vc_column][vc_empty_space height=&#8221;8vw&#8221;][\/vc_column][\/vc_row][vc_row][vc_column width=&#8221;1\/4&#8243;][vc_single_image image=&#8221;3075&#8243; img_size=&#8221;full&#8221;][\/vc_column][vc_column width=&#8221;3\/4&#8243;][vc_custom_heading text=&#8221;Anca Gabriela Vlase&#8221; use_theme_fonts=&#8221;yes&#8221; el_class=&#8221;section-title mb-0 pb-0&#8243;][vc_column_text]<strong>Managing Associate<\/strong>[\/vc_column_text][vc_column_text]Anca este specializat\u0103 \u00een fuziuni \u0219i achizi\u021bii, coordon\u00e2nd proiecte ce implic\u0103 contracte de cesiune de fond de comer\u021b \u0219i transfer de activitate, oferind totodat\u0103 consultan\u021b\u0103 \u00een\u00a0mandate complexe de drept societar \u0219i comercial.<\/p>\n<p>Aceasta acord\u0103 asisten\u021b\u0103 juridic\u0103 clien\u021bilor priva\u021bi, rom\u00e2ni \u0219i str\u0103ini, gestion\u00e2nd spectrul complet al raporturilor de munc\u0103, at\u00e2t \u00een contextul unor proiecte de anvergur\u0103, c\u00e2t \u0219i \u00een activitatea opera\u021bional\u0103 curent\u0103 a societ\u0103\u021bilor.<\/p>\n<p>Activitatea sa profesional\u0103 vizeaz\u0103 domenii precum\u00a0achizi\u021biile publice,\u00a0dreptul bancar \u0219i financiar\u00a0\u0219i aspectele de\u00a0conformitate, precum \u0219i proiecte din sectorul\u00a0energetic.[\/vc_column_text][\/vc_column][\/vc_row]<\/p>\n","protected":false},"excerpt":{"rendered":"<p>[vc_row][vc_column][vc_empty_space height=&#8221;8vw&#8221;][\/vc_column][\/vc_row][vc_row][vc_column width=&#8221;1\/4&#8243;][vc_single_image image=&#8221;3075&#8243; img_size=&#8221;full&#8221;][\/vc_column][vc_column width=&#8221;3\/4&#8243;][vc_custom_heading text=&#8221;Anca Gabriela Vlase&#8221; use_theme_fonts=&#8221;yes&#8221; el_class=&#8221;section-title mb-0 pb-0&#8243;][vc_column_text]Managing Associate[\/vc_column_text][vc_column_text]Anca este specializat\u0103 \u00een fuziuni \u0219i achizi\u021bii, coordon\u00e2nd proiecte ce implic\u0103 contracte de cesiune de fond de comer\u021b \u0219i transfer de activitate, oferind totodat\u0103 consultan\u021b\u0103&#8230;<\/p>\n","protected":false},"author":1,"featured_media":0,"parent":0,"menu_order":0,"comment_status":"closed","ping_status":"closed","template":"template-parts\/tmp-box-page.php","meta":{"footnotes":""},"_links":{"self":[{"href":"https:\/\/www.gmcid.ro\/ro\/wp-json\/wp\/v2\/pages\/3078"}],"collection":[{"href":"https:\/\/www.gmcid.ro\/ro\/wp-json\/wp\/v2\/pages"}],"about":[{"href":"https:\/\/www.gmcid.ro\/ro\/wp-json\/wp\/v2\/types\/page"}],"author":[{"embeddable":true,"href":"https:\/\/www.gmcid.ro\/ro\/wp-json\/wp\/v2\/users\/1"}],"replies":[{"embeddable":true,"href":"https:\/\/www.gmcid.ro\/ro\/wp-json\/wp\/v2\/comments?post=3078"}],"version-history":[{"count":2,"href":"https:\/\/www.gmcid.ro\/ro\/wp-json\/wp\/v2\/pages\/3078\/revisions"}],"predecessor-version":[{"id":3080,"href":"https:\/\/www.gmcid.ro\/ro\/wp-json\/wp\/v2\/pages\/3078\/revisions\/3080"}],"wp:attachment":[{"href":"https:\/\/www.gmcid.ro\/ro\/wp-json\/wp\/v2\/media?parent=3078"}],"curies":[{"name":"wp","href":"https:\/\/api.w.org\/{rel}","templated":true}]}}