{"id":2872,"date":"2024-02-23T08:59:08","date_gmt":"2024-02-23T08:59:08","guid":{"rendered":"https:\/\/www.gmcid.ro\/ro\/?page_id=2872"},"modified":"2025-10-07T13:26:11","modified_gmt":"2025-10-07T13:26:11","slug":"mihaela-ionescu","status":"publish","type":"page","link":"https:\/\/www.gmcid.ro\/ro\/mihaela-ionescu\/","title":{"rendered":"Mihaela Ionescu"},"content":{"rendered":"<p>[vc_row][vc_column][vc_empty_space height=&#8221;8vw&#8221;][\/vc_column][\/vc_row][vc_row][vc_column width=&#8221;1\/4&#8243;][vc_single_image image=&#8221;3052&#8243; img_size=&#8221;full&#8221;][\/vc_column][vc_column width=&#8221;3\/4&#8243;][vc_custom_heading text=&#8221;Mihaela Ionescu&#8221; use_theme_fonts=&#8221;yes&#8221; el_class=&#8221;section-title mb-0 pb-0&#8243;][vc_column_text]<strong>Senior Associate<\/strong>[\/vc_column_text][vc_column_text]Mihaela este Senior Associate \u00een cadrul firmei noastre de avocatur\u0103, cu o expertiz\u0103 solid\u0103 \u00een dreptul achizi\u021biilor publice \u0219i drept penal. De-a lungul carierei, a gestionat cu succes litigii de \u00eenalt\u0103 complexitate \u0219i a reprezentat clien\u021bi din v\u00e2rful industriei lor \u00een fa\u021ba instan\u021belor de judecat\u0103, oferind solu\u021bii eficiente \u0219i strategii adaptate fiec\u0103rui caz.<\/p>\n<p>\u00cen activitatea sa curent\u0103, Mihaela acord\u0103 asisten\u021b\u0103 juridic\u0103 \u0219i reprezentare strategic\u0103 unor companii de top din diverse domenii economice, consolid\u00e2ndu-\u0219i reputa\u021bia ca profesionist riguros \u0219i dedicat.[\/vc_column_text][\/vc_column][\/vc_row]<\/p>\n","protected":false},"excerpt":{"rendered":"<p>[vc_row][vc_column][vc_empty_space height=&#8221;8vw&#8221;][\/vc_column][\/vc_row][vc_row][vc_column width=&#8221;1\/4&#8243;][vc_single_image image=&#8221;3052&#8243; img_size=&#8221;full&#8221;][\/vc_column][vc_column width=&#8221;3\/4&#8243;][vc_custom_heading text=&#8221;Mihaela Ionescu&#8221; use_theme_fonts=&#8221;yes&#8221; el_class=&#8221;section-title mb-0 pb-0&#8243;][vc_column_text]Senior Associate[\/vc_column_text][vc_column_text]Mihaela este Senior Associate \u00een cadrul firmei noastre de avocatur\u0103, cu o expertiz\u0103 solid\u0103 \u00een dreptul achizi\u021biilor publice \u0219i drept penal. De-a lungul carierei, a gestionat&#8230;<\/p>\n","protected":false},"author":1,"featured_media":0,"parent":0,"menu_order":0,"comment_status":"closed","ping_status":"closed","template":"template-parts\/tmp-box-page.php","meta":{"footnotes":""},"_links":{"self":[{"href":"https:\/\/www.gmcid.ro\/ro\/wp-json\/wp\/v2\/pages\/2872"}],"collection":[{"href":"https:\/\/www.gmcid.ro\/ro\/wp-json\/wp\/v2\/pages"}],"about":[{"href":"https:\/\/www.gmcid.ro\/ro\/wp-json\/wp\/v2\/types\/page"}],"author":[{"embeddable":true,"href":"https:\/\/www.gmcid.ro\/ro\/wp-json\/wp\/v2\/users\/1"}],"replies":[{"embeddable":true,"href":"https:\/\/www.gmcid.ro\/ro\/wp-json\/wp\/v2\/comments?post=2872"}],"version-history":[{"count":4,"href":"https:\/\/www.gmcid.ro\/ro\/wp-json\/wp\/v2\/pages\/2872\/revisions"}],"predecessor-version":[{"id":3056,"href":"https:\/\/www.gmcid.ro\/ro\/wp-json\/wp\/v2\/pages\/2872\/revisions\/3056"}],"wp:attachment":[{"href":"https:\/\/www.gmcid.ro\/ro\/wp-json\/wp\/v2\/media?parent=2872"}],"curies":[{"name":"wp","href":"https:\/\/api.w.org\/{rel}","templated":true}]}}