{"id":2868,"date":"2024-02-23T08:55:20","date_gmt":"2024-02-23T08:55:20","guid":{"rendered":"https:\/\/www.gmcid.ro\/ro\/?page_id=2868"},"modified":"2026-02-20T08:36:39","modified_gmt":"2026-02-20T08:36:39","slug":"speranta-iulia-lascu","status":"publish","type":"page","link":"https:\/\/www.gmcid.ro\/ro\/speranta-iulia-lascu\/","title":{"rendered":"Speran\u021ba \u2013 Iulia Lascu"},"content":{"rendered":"<p>[vc_row][vc_column][vc_empty_space height=&#8221;8vw&#8221;][\/vc_column][\/vc_row][vc_row][vc_column width=&#8221;1\/4&#8243;][vc_single_image image=&#8221;2837&#8243; img_size=&#8221;full&#8221;][\/vc_column][vc_column width=&#8221;3\/4&#8243;][vc_custom_heading text=&#8221;Speran\u021ba \u2013 Iulia Lascu&#8221; use_theme_fonts=&#8221;yes&#8221; el_class=&#8221;section-title mb-0 pb-0&#8243;][vc_column_text]<strong>Senior Associate<\/strong>[\/vc_column_text][vc_column_text]Speran\u021ba ofer\u0103 asisten\u021b\u0103 juridic\u0103 \u00een drept civil \u0219i contracte \u00eencheiate \u00een profesioni\u0219ti. A dob\u00e2ndit experien\u021ba asist\u00e2nd clien\u021bi \u00een diferite cazuri de dreptul muncii, mai exact \u00een redactarea contractelor individuale \u0219i colective de munc\u0103, redactarea regulamentelor de ordine interioar\u0103 \u0219i a celor de organizare si func\u021bionare.<\/p>\n<p>Ofer\u0103 consultan\u021b\u0103 \u0219i asisten\u021b\u0103 juridic\u0103 \u00een dreptul imobiliar, cu prec\u0103dere \u00een toate aspectele ce rezult\u0103 din administrarea complexelor reziden\u021biale.<\/p>\n<p>De asemenea, are experien\u021b\u0103 practic\u0103 \u00een solu\u021bionarea unor aspecte ce apar\u021bin domeniului media &amp; divertisment \u0219i al propriet\u0103\u021bii intelectuale.[\/vc_column_text][\/vc_column][\/vc_row]<\/p>\n","protected":false},"excerpt":{"rendered":"<p>[vc_row][vc_column][vc_empty_space height=&#8221;8vw&#8221;][\/vc_column][\/vc_row][vc_row][vc_column width=&#8221;1\/4&#8243;][vc_single_image image=&#8221;2837&#8243; img_size=&#8221;full&#8221;][\/vc_column][vc_column width=&#8221;3\/4&#8243;][vc_custom_heading text=&#8221;Speran\u021ba \u2013 Iulia Lascu&#8221; use_theme_fonts=&#8221;yes&#8221; el_class=&#8221;section-title mb-0 pb-0&#8243;][vc_column_text]Senior Associate[\/vc_column_text][vc_column_text]Speran\u021ba ofer\u0103 asisten\u021b\u0103 juridic\u0103 \u00een drept civil \u0219i contracte \u00eencheiate \u00een profesioni\u0219ti. A dob\u00e2ndit experien\u021ba asist\u00e2nd clien\u021bi \u00een diferite cazuri de dreptul muncii, mai&#8230;<\/p>\n","protected":false},"author":1,"featured_media":0,"parent":0,"menu_order":0,"comment_status":"closed","ping_status":"closed","template":"template-parts\/tmp-box-page.php","meta":{"footnotes":""},"_links":{"self":[{"href":"https:\/\/www.gmcid.ro\/ro\/wp-json\/wp\/v2\/pages\/2868"}],"collection":[{"href":"https:\/\/www.gmcid.ro\/ro\/wp-json\/wp\/v2\/pages"}],"about":[{"href":"https:\/\/www.gmcid.ro\/ro\/wp-json\/wp\/v2\/types\/page"}],"author":[{"embeddable":true,"href":"https:\/\/www.gmcid.ro\/ro\/wp-json\/wp\/v2\/users\/1"}],"replies":[{"embeddable":true,"href":"https:\/\/www.gmcid.ro\/ro\/wp-json\/wp\/v2\/comments?post=2868"}],"version-history":[{"count":2,"href":"https:\/\/www.gmcid.ro\/ro\/wp-json\/wp\/v2\/pages\/2868\/revisions"}],"predecessor-version":[{"id":3077,"href":"https:\/\/www.gmcid.ro\/ro\/wp-json\/wp\/v2\/pages\/2868\/revisions\/3077"}],"wp:attachment":[{"href":"https:\/\/www.gmcid.ro\/ro\/wp-json\/wp\/v2\/media?parent=2868"}],"curies":[{"name":"wp","href":"https:\/\/api.w.org\/{rel}","templated":true}]}}