{"id":2864,"date":"2024-02-23T08:51:17","date_gmt":"2024-02-23T08:51:17","guid":{"rendered":"https:\/\/www.gmcid.ro\/ro\/?page_id=2864"},"modified":"2024-02-23T08:51:33","modified_gmt":"2024-02-23T08:51:33","slug":"dragos-iordache","status":"publish","type":"page","link":"https:\/\/www.gmcid.ro\/ro\/dragos-iordache\/","title":{"rendered":"Drago\u0219 Iordache"},"content":{"rendered":"<p>[vc_row][vc_column][vc_empty_space height=&#8221;8vw&#8221;][\/vc_column][\/vc_row][vc_row][vc_column width=&#8221;1\/4&#8243;][vc_single_image image=&#8221;2834&#8243; img_size=&#8221;full&#8221;][\/vc_column][vc_column width=&#8221;3\/4&#8243;][vc_custom_heading text=&#8221;Drago\u0219 Iordache&#8221; use_theme_fonts=&#8221;yes&#8221; el_class=&#8221;section-title mb-0 pb-0&#8243;][vc_column_text]<strong>Partner<\/strong>[\/vc_column_text][vc_column_text]Drago\u0219 Iordache, Partener Fondator GMCID, coordoneaz\u0103 echipele de drept penal \u0219i de drept medical, incluz\u00e2nd aici \u0219i malpraxis-ul medical.<\/p>\n<p>Cu peste 15 ani de experien\u021b\u0103 \u00een avocatur\u0103, Drago\u0219 Iordache ofer\u0103 asisten\u021b\u0103 \u0219i reprezentare \u00een cazuri complexe de infrac\u021biuni economice \u0219i corup\u021bie.<\/p>\n<p>Asist\u0103 \u0219i reprezint\u0103 clien\u021bii furnizori de servicii medicale, at\u00e2t medici c\u00e2t \u0219i institu\u021bii medicale.<\/p>\n<p>De asemenea, Drago\u0219 are o vast\u0103 experien\u021b\u0103 \u00een dreptul media &amp; divertisment \u0219i proprietate intelectual\u0103.[\/vc_column_text][\/vc_column][\/vc_row]<\/p>\n","protected":false},"excerpt":{"rendered":"<p>[vc_row][vc_column][vc_empty_space height=&#8221;8vw&#8221;][\/vc_column][\/vc_row][vc_row][vc_column width=&#8221;1\/4&#8243;][vc_single_image image=&#8221;2834&#8243; img_size=&#8221;full&#8221;][\/vc_column][vc_column width=&#8221;3\/4&#8243;][vc_custom_heading text=&#8221;Drago\u0219 Iordache&#8221; use_theme_fonts=&#8221;yes&#8221; el_class=&#8221;section-title mb-0 pb-0&#8243;][vc_column_text]Partner[\/vc_column_text][vc_column_text]Drago\u0219 Iordache, Partener Fondator GMCID, coordoneaz\u0103 echipele de drept penal \u0219i de drept medical, incluz\u00e2nd aici \u0219i malpraxis-ul medical. Cu peste 15 ani de experien\u021b\u0103 \u00een avocatur\u0103,&#8230;<\/p>\n","protected":false},"author":1,"featured_media":0,"parent":0,"menu_order":0,"comment_status":"closed","ping_status":"closed","template":"template-parts\/tmp-box-page.php","meta":{"footnotes":""},"_links":{"self":[{"href":"https:\/\/www.gmcid.ro\/ro\/wp-json\/wp\/v2\/pages\/2864"}],"collection":[{"href":"https:\/\/www.gmcid.ro\/ro\/wp-json\/wp\/v2\/pages"}],"about":[{"href":"https:\/\/www.gmcid.ro\/ro\/wp-json\/wp\/v2\/types\/page"}],"author":[{"embeddable":true,"href":"https:\/\/www.gmcid.ro\/ro\/wp-json\/wp\/v2\/users\/1"}],"replies":[{"embeddable":true,"href":"https:\/\/www.gmcid.ro\/ro\/wp-json\/wp\/v2\/comments?post=2864"}],"version-history":[{"count":1,"href":"https:\/\/www.gmcid.ro\/ro\/wp-json\/wp\/v2\/pages\/2864\/revisions"}],"predecessor-version":[{"id":2865,"href":"https:\/\/www.gmcid.ro\/ro\/wp-json\/wp\/v2\/pages\/2864\/revisions\/2865"}],"wp:attachment":[{"href":"https:\/\/www.gmcid.ro\/ro\/wp-json\/wp\/v2\/media?parent=2864"}],"curies":[{"name":"wp","href":"https:\/\/api.w.org\/{rel}","templated":true}]}}