{"id":2862,"date":"2024-02-23T08:39:53","date_gmt":"2024-02-23T08:39:53","guid":{"rendered":"https:\/\/www.gmcid.ro\/ro\/?page_id=2862"},"modified":"2024-02-23T08:51:54","modified_gmt":"2024-02-23T08:51:54","slug":"catalin-gurita-manole","status":"publish","type":"page","link":"https:\/\/www.gmcid.ro\/ro\/catalin-gurita-manole\/","title":{"rendered":"C\u0103t\u0103lin Guri\u021b\u0103 \u2013 Manole"},"content":{"rendered":"<p>[vc_row][vc_column][vc_empty_space height=&#8221;8vw&#8221;][\/vc_column][\/vc_row][vc_row][vc_column width=&#8221;1\/4&#8243;][vc_single_image image=&#8221;2833&#8243; img_size=&#8221;full&#8221;][\/vc_column][vc_column width=&#8221;3\/4&#8243;][vc_custom_heading text=&#8221;C\u0103t\u0103lin Guri\u021b\u0103 \u2013 Manole&#8221; use_theme_fonts=&#8221;yes&#8221; el_class=&#8221;section-title mb-0 pb-0&#8243;][vc_column_text]<strong>Partner<\/strong>[\/vc_column_text][vc_column_text]C\u0103t\u0103lin\u00a0 Guri\u021b\u0103 \u2013 Manole, Partener Fondator GMCID \u0219i coordonatorul departamentului de insolven\u021ba \u0219i restructurare, este specializat \u00een insolven\u021b\u0103, restructurare, \u00een litigii din domeniul financiar \u2013 bancar \u0219i imobiliar.<\/p>\n<p>Cu peste 15 ani de experien\u021b\u0103, C\u0103t\u0103lin Guri\u021b\u0103 \u2013 Manole ofer\u0103 asisten\u021ba \u0219i reprezentare \u00een cazuri de complexitate ridicat\u0103 institu\u021biilor financiar \u2013 bancare precum \u0219i companiilor din diferite sectoare economice.<\/p>\n<p>De asemenea, C\u0103t\u0103lin coordoneaz\u0103 \u0219i echipa de drept imobiliar din cadrul societ\u0103\u021bii, ce activeaz\u0103 cu prec\u0103dere \u00een domeniul proiectelor reziden\u021biale, at\u00e2t la nivel local cat \u0219i interna\u021bional.[\/vc_column_text][\/vc_column][\/vc_row]<\/p>\n","protected":false},"excerpt":{"rendered":"<p>[vc_row][vc_column][vc_empty_space height=&#8221;8vw&#8221;][\/vc_column][\/vc_row][vc_row][vc_column width=&#8221;1\/4&#8243;][vc_single_image image=&#8221;2833&#8243; img_size=&#8221;full&#8221;][\/vc_column][vc_column width=&#8221;3\/4&#8243;][vc_custom_heading text=&#8221;C\u0103t\u0103lin Guri\u021b\u0103 \u2013 Manole&#8221; use_theme_fonts=&#8221;yes&#8221; el_class=&#8221;section-title mb-0 pb-0&#8243;][vc_column_text]Partner[\/vc_column_text][vc_column_text]C\u0103t\u0103lin\u00a0 Guri\u021b\u0103 \u2013 Manole, Partener Fondator GMCID \u0219i coordonatorul departamentului de insolven\u021ba \u0219i restructurare, este specializat \u00een insolven\u021b\u0103, restructurare, \u00een litigii din domeniul financiar \u2013&#8230;<\/p>\n","protected":false},"author":1,"featured_media":0,"parent":0,"menu_order":0,"comment_status":"closed","ping_status":"closed","template":"template-parts\/tmp-box-page.php","meta":{"footnotes":""},"_links":{"self":[{"href":"https:\/\/www.gmcid.ro\/ro\/wp-json\/wp\/v2\/pages\/2862"}],"collection":[{"href":"https:\/\/www.gmcid.ro\/ro\/wp-json\/wp\/v2\/pages"}],"about":[{"href":"https:\/\/www.gmcid.ro\/ro\/wp-json\/wp\/v2\/types\/page"}],"author":[{"embeddable":true,"href":"https:\/\/www.gmcid.ro\/ro\/wp-json\/wp\/v2\/users\/1"}],"replies":[{"embeddable":true,"href":"https:\/\/www.gmcid.ro\/ro\/wp-json\/wp\/v2\/comments?post=2862"}],"version-history":[{"count":1,"href":"https:\/\/www.gmcid.ro\/ro\/wp-json\/wp\/v2\/pages\/2862\/revisions"}],"predecessor-version":[{"id":2863,"href":"https:\/\/www.gmcid.ro\/ro\/wp-json\/wp\/v2\/pages\/2862\/revisions\/2863"}],"wp:attachment":[{"href":"https:\/\/www.gmcid.ro\/ro\/wp-json\/wp\/v2\/media?parent=2862"}],"curies":[{"name":"wp","href":"https:\/\/api.w.org\/{rel}","templated":true}]}}