{"id":2444,"date":"2020-09-16T14:03:19","date_gmt":"2020-09-16T14:03:19","guid":{"rendered":"https:\/\/www.gmcid.ro\/\/ro\/?page_id=2444"},"modified":"2024-02-23T09:09:56","modified_gmt":"2024-02-23T09:09:56","slug":"gmc-insolvency-office","status":"publish","type":"page","link":"https:\/\/www.gmcid.ro\/ro\/gmc-insolvency-office\/","title":{"rendered":"GMC Insolvency Office"},"content":{"rendered":"<p>[vc_row full_width=&#8221;stretch_row_content_no_spaces&#8221; el_id=&#8221;slider-insolvency-office&#8221;][vc_column]\r\n    <div id=\"rev_slider_1052_1_wrapper\" class=\"all-text-white slider-area rev_slider_wrapper fullscreen-container\" data-alias=\"web-product-dark122\" data-source=\"gallery\">\r\n        <!-- START REVOLUTION SLIDER 5.3.0.2 fullscreen mode -->\r\n        <div id=\"rev_slider_1052_1\" class=\"rev_slider fullscreenbanner\" style=\"display:none;\" data-version=\"5.3.0.2\" >\r\n            <ul>\r\n                                        <li data-index=\"rs-29461\" data-transition=\"boxfade\" data-slotamount=\"1\" data-hideafterloop=\"0\" data-hideslideonmobile=\"off\"  data-easein=\"default\" data-easeout=\"default\" data-masterspeed=\"1500\"  data-rotate=\"0\"  data-fstransition=\"fade\" data-fsmasterspeed=\"1500\" data-fsslotamount=\"7\" data-saveperformance=\"off\"  data-title=\"Intro\">\r\n                            <!-- MAIN IMAGE -->\r\n                            <img src=\"https:\/\/www.gmcid.ro\/ro\/wp-content\/uploads\/2023\/05\/slide_insolvency_office-1.jpg\" alt=\"\"  data-bgposition=\"center center\" data-bgfit=\"cover\" data-bgrepeat=\"no-repeat\" class=\"rev-slidebg\" data-no-retina>\r\n                            <!-- LAYERS 1-->\r\n                            <div class=\"tp-caption tp-resizeme\"\r\n                                 id=\"slide-29461-layer-9\"\r\n                                 data-x=\"['left','left','middle','middle']\"\r\n                                 data-hoffset=\"[140,'140','0','0']\"\r\n                                 data-y=\"['middle','middle','middle','middle']\"\r\n                                 data-voffset=\"['-70','-70','-70','-70']\"\r\n                                 data-fontsize=\"['107','107','48','30']\"\r\n                                 data-lineheight=\"['80','60','50','30']\"\r\n                                 data-width=\"['710','710','500','320']\"\r\n                                 data-height=\"none\"\r\n                                 data-whitespace=\"wrap\"\r\n                                 data-type=\"text\"\r\n                                 data-responsive_offset=\"off\"\r\n                                 data-frames='[{\"from\":\"x:-50px;opacity:0;\",\"speed\":1000,\"to\":\"o:1;\",\"delay\":1000,\"ease\":\"Power2.easeOut\"},{\"delay\":\"wait\",\"speed\":1500,\"to\":\"opacity:0;\",\"ease\":\"Power4.easeIn\"}]'\r\n                                 data-textAlign=\"['left','left','center','center']\"\r\n                                 data-paddingtop=\"[0,0,0,0]\"\r\n                                 data-paddingright=\"[0,0,0,0]\"\r\n                                 data-paddingbottom=\"[0,0,0,0]\"\r\n                                 data-paddingleft=\"[0,0,0,0]\"\r\n                            >\r\n                                <h1 class=\"slider-title\">Legal<br> essence<\/h1>\r\n                            <\/div>\r\n                            <!-- LAYER NR. 2 -->\r\n                            <div class=\"tp-caption tp-resizeme slider-sub-heading-wrap\"\r\n                                 id=\"slide-29461-layer-10\"\r\n                                 data-x=\"['left','left','middle','middle']\"\r\n                                 data-hoffset=\"['140','140','0','0']\"\r\n                                 data-y=\"['middle','middle','middle','middle']\"\r\n                                 data-voffset=\"['90','70','50','50']\"\r\n                                 data-fontsize=\"['15','15','15','15']\"\r\n                                 data-lineheight=\"['24','24','24','24']\"\r\n                                 data-width=\"['710','710','500','320']\"\r\n                                 data-height=\"none\"\r\n                                 data-whitespace=\"wrap\"\r\n                                 data-type=\"text\"\r\n                                 data-responsive_offset=\"off\"\r\n                                 data-frames='[{\"from\":\"x:-50px;opacity:0;\",\"speed\":1000,\"to\":\"o:1;\",\"delay\":1250,\"ease\":\"Power2.easeOut\"},{\"delay\":\"wait\",\"speed\":1500,\"to\":\"opacity:0;\",\"ease\":\"Power4.easeIn\"}]'\r\n                                 data-textAlign=\"['left','left','center','center']\"\r\n                                 data-paddingtop=\"[0,0,0,0]\"\r\n                                 data-paddingright=\"[0,0,0,0]\"\r\n                                 data-paddingbottom=\"[0,0,0,0]\"\r\n                                 data-paddingleft=\"[0,0,0,0]\">\r\n                                <span class=\"slider-sub-heading\">Transform\u0103m dificult\u0103\u021bile \u00een oportunit\u0103\u021bi<\/span>\r\n                            <\/div>\r\n                            <!-- LAYER NR. 3 -->\r\n                            <!-- LAYER NR. 4 -->\r\n                            <div class=\"tp-caption  tp-resizeme slider-button-wrpper\"\r\n                                 id=\"slide-29461-layer-8\"\r\n                                 data-x=\"['left','left','middle','middle']\"\r\n                                 data-hoffset=\"['140','140','0','0']\"\r\n                                 data-y=\"['middle','middle','middle','middle']\"\r\n                                 data-voffset=\"['195','155','145','145']\"\r\n                                 data-width=\"['710','710','500','320']\"\r\n                                 data-height=\"['48','48','48','48']\"\r\n                                 data-whitespace=\"nowrap\"\r\n                                 data-type=\"text\"\r\n                                 data-responsive_offset=\"off\"\r\n                                 data-responsive=\"off\"\r\n                                 data-frames='[{\"from\":\"x:-50px;opacity:0;\",\"speed\":1000,\"to\":\"o:1;\",\"delay\":1750,\"ease\":\"Power2.easeOut\"},{\"delay\":\"wait\",\"speed\":1500,\"to\":\"opacity:0;\",\"ease\":\"Power4.easeIn\"},{\"frame\":\"hover\",\"speed\":\"300\",\"ease\":\"Linear.easeNone\",\"to\":\"o:1;rX:0;rY:0;rZ:0;z:0;\"}]'\r\n                                 data-textAlign=\"['left','left','center','center']\"\r\n                                 data-paddingtop=\"[0,0,0,0]\"\r\n                                 data-paddingright=\"[0,0,0,0]\"\r\n                                 data-paddingbottom=\"[0,0,0,0]\"\r\n                                 data-paddingleft=\"[0,0,0,0]\" >\r\n                                <a href=\"\/ro\/#about\" class=\"btn slider-button\">Afl\u0103 detalii<\/a>\r\n                            <\/div>\r\n                        <\/li>\r\n                                    <\/ul>\r\n            <div class=\"tp-bannertimer tp-bottom\" style=\"visibility: hidden !important;\"><\/div>\r\n        <\/div>\r\n    <\/div>\r\n\r\n    [\/vc_column][\/vc_row][vc_section el_id=&#8221;law-office&#8221;][vc_row content_placement=&#8221;middle&#8221;][vc_column width=&#8221;1\/6&#8243;][\/vc_column][vc_column width=&#8221;2\/3&#8243;][vc_custom_heading text=&#8221;GMC INSOLVENCY OFFICE&#8221; use_theme_fonts=&#8221;yes&#8221; el_class=&#8221;section-title&#8221;][vc_column_text el_class=&#8221;text-justify&#8221;]Datorit\u0103 vastei noastre experien\u021be \u00een domeniul insolven\u021bei, c\u0103p\u0103tat\u0103 lucr\u00e2nd \u00een unele dintre cele mai ample cazuri, cunoa\u0219tem cu exactitate \u0219i \u00een cel mai profund detaliu fiecare moment prin care o companie (debitoare sau creditoare) trece, \u00eenc\u0103 chiar dinainte ca incapacitatea de plat\u0103 s\u0103 se manifeste.[\/vc_column_text][\/vc_column][vc_column width=&#8221;1\/6&#8243;][\/vc_column][\/vc_row][vc_row css=&#8221;.vc_custom_1600265896195{background-position: 0 0 !important;background-repeat: no-repeat !important;}&#8221; el_class=&#8221;insolvency-list&#8221;][vc_column width=&#8221;1\/6&#8243;][\/vc_column][vc_column width=&#8221;2\/3&#8243;][vc_column_text el_class=&#8221;text-justify&#8221;]Avem \u00eentotdeauna ca prim obiectiv restructurarea companiilor iar atunci c\u00e2nd serviciile noastre sunt solicitate prea t\u00e2rziu, ne asigur\u0103m c\u0103 cea mai bun\u0103 valoare a activelor este ob\u021binut\u0103 pentru a satisface c\u00e2t mai mult din preten\u021biile creditorilor.<\/p>\n<p>Serviciile oferite de GMC Insolvency Office sunt dintre cele mai variate \u00een domeniu \u0219i includ at\u00e2t servicii specifice procedurilor judiciare (administrare judiciar\u0103\/lichidare judiciar\u0103) c\u00e2t \u0219i specifice procedurilor extra-judiciare:<\/p>\n<ul>\n<li>Concordatul preventiv &#8211; se adreseaz\u0103 companiilor care nu sunt \u00eenc\u0103 \u00een insolven\u021b\u0103 \u00eens\u0103 au dificult\u0103\u021bi \u00een plata datoriilor. Este o procedur\u0103 judiciar\u0103 ce ofer\u0103 protec\u021bie \u00een fa\u021ba execut\u0103rilor silite individuale. Compania aflat\u0103 \u00een dificultate poate beneficia de experien\u021ba speciali\u0219tilor no\u0219tri pentru restructurarea afacerii \u00een timp ce pl\u0103\u021bile c\u0103tre creditori pot fi am\u00e2nate.<\/li>\n<li>Mandatul ad-hoc &#8211; se adreseaz\u0103 companiilor care \u00eent\u00e2mpin\u0103 dificult\u0103\u021bi generate de situa\u021bia economic\u0103, financiar\u0103 sau opera\u021bional\u0103. Este o procedur\u0103 judiciar\u0103 ce permite speciali\u0219tilor no\u0219tri s\u0103 negocieze cu creditorii modalit\u0103\u021bile de redresare a companiei \u00een timp ce \u00eentreaga procedur\u0103 r\u0103m\u00e2ne una ne-invaziv\u0103, confiden\u021bial\u0103, cu impact minim asupra rela\u021biilor contractuale \u00een bun\u0103 desf\u0103\u0219urare.<\/li>\n<li>Reorganizarea judiciar\u0103 &#8211; destinat\u0103 societ\u0103\u021bilor aflate deja \u00een stare de insolven\u021b\u0103 (instalat\u0103 sau iminent\u0103) din diverse cauze generate fie de factori interni (cum ar fi cei care \u021bin de management), fie externi companiei (cum ar fi cei care \u021bin de contextul pie\u021belor sau situa\u021bia economic\u0103 \u00een general). Serviciile pe care le avem \u00een vedere pentru astfel de cazuri difer\u0103 \u00een func\u021bie de fiecare situa\u021bie \u0219i pleac\u0103 de la conceperea unui plan de reorganizare dup\u0103 o analiz\u0103 ampl\u0103. Solu\u021biile pot fi simple sau complexe dar \u00een toate cazurile la fel de u\u0219or de conceput \u0219i implementat de c\u0103tre speciali\u0219tii no\u0219tri: structurarea planului de reorganizare, v\u00e2nzarea de active non-core, v\u00e2nzarea de participa\u021bii, diviz\u0103ri, fuziuni, ob\u021binerea de finan\u021bare \u00een insolven\u021b\u0103, negocieri cu creditorii, transfer de business, \u0219i altele.<\/li>\n<li>Faliment &#8211; o ultim\u0103 etap\u0103, \u00een care dac\u0103 se ajunge, din diverse motive, speciali\u0219tii no\u0219tri se vor asigura c\u0103 ob\u021binem cea mai bun\u0103 valoare a activelor prin capitalizarea acestora, recuperarea tuturor crean\u021belor \u0219i fructificarea tuturor drepturilor, litigioase sau nu, pe care compania le poate avea.<\/li>\n<li>Lichid\u0103ri voluntare &#8211; atunci c\u00e2nd o companie \u0219i-a atins scopul pentru care a fost creat\u0103 sau pur \u0219i simplu ac\u021bionarii doresc ca activitatea acesteia s\u0103 \u00eenceteze.<\/li>\n<li>Adi\u021bional, \u00een etape ce preced o eventual\u0103 insolven\u021b\u0103 oferim servicii extinse, ce includ, f\u0103r\u0103 a se limita la analize detaliate \u00een care identific\u0103m factorii de risc pentru orice afacere, solu\u021bii de redresare, \u00eentocmirea de planuri de restructurare, asisten\u021b\u0103 pentru ob\u021binerea de fonduri fie pentru a se asigura capitalul de lucru necesar sau pentru noi achizi\u021bii sau consiliere \u00een \u00eencheierea celor mai diversificate tranzac\u021bii.<\/li>\n<\/ul>\n<p>Dificult\u0103\u021bile cu care se poate confrunta o companie sunt numeroase, iar cauzele ce le determin\u0103 pot fi multiple. Solu\u021biile de redresare sau de ie\u0219ire cu succes dintr-un impas vin \u00eentotdeauna de la echipe de profesioni\u0219ti care \u0219tiu s\u0103 le identifice \u0219i s\u0103 le implementeze la timp: aceasta este specialitatea noastr\u0103, pentru c\u0103 noi <strong>transform\u0103m dificult\u0103\u021bile \u00een oportunit\u0103\u021bi<\/strong> \u0219i <strong>abordarea noastr\u0103 face diferen\u021ba<\/strong>.[\/vc_column_text][\/vc_column][vc_column width=&#8221;1\/6&#8243;][\/vc_column][\/vc_row][vc_row el_id=&#8221;businessmen&#8221; css=&#8221;.vc_custom_1600265714209{background-image: url(https:\/\/www.gmcid.ro\/\/ro\/wp-content\/uploads\/2020\/08\/people_slide.jpg?id=2223) !important;background-position: 0 0 !important;background-repeat: no-repeat !important;}&#8221;][vc_column][\/vc_column][\/vc_row][vc_row full_width=&#8221;stretch_row_content_no_spaces&#8221; el_class=&#8221;croll-precise-menu-item-approach&#8221; el_id=&#8221;contact-us-gmc&#8221;][vc_column]\r\n    <div class=\"contact-us-section\">\r\n        <div class=\"container\">\r\n            <div class=\"row\">\r\n                <div class=\"col-md-6\">\r\n                    <div class=\"countact-text \">\r\n                        <div class=\"countact-text-inner all-text-white\">\r\n                            <h2 class=\"h2_style\">Contacta\u021bi-ne<\/h2>\r\n                            <div class=\"before_text text-justify\">R\u0103spundem oric\u0103ror solicit\u0103ri sau \u00eentreb\u0103ri pe care le ave\u021bi \u00een leg\u0103tur\u0103 cu activitatea noastr\u0103 \u0219i modul \u00een care v\u0103 putem fi de folos. L\u0103sa\u021bi-ne un mesaj \u00een formularul de mai jos sau apela\u021bi-ne telefonic.<\/div>\r\n                            <div class=\"row align-items-center\">\r\n                                <div class=\"col-lg-4 d-flex justify-content-center\">\r\n                                    <div class=\"logo mb30 mb-0\">\r\n                                        <img src=\"https:\/\/www.gmcid.ro\/ro\/wp-content\/uploads\/2023\/05\/gmcid-preloaderalb.svg\" alt=\"\">\r\n                                    <\/div>\r\n                                <\/div>\r\n                                <div class=\"col-lg-8 border-left pl-5 pb-3\">\r\n                                    <span class=\"letter-spacing call-title pdt25\">CONTACTA\u021aI-NE LA<\/span>\r\n                                    <div class=\"mobile-number\">\r\n                                         <a href=\"tel:+40 313 335 554\">+40 313 335 554<\/a>\r\n                                    <\/div>\r\n                                    <span class=\"for-title letter-spacing\"><\/span>\r\n                                    <div class=\"call-reason\">\r\n                                                                           <\/div>\r\n                                    <span class=\"call-or\">sau prin e-mail<\/span>\r\n                                    <div class=\"letter-spacing send-message\">\r\n                                        <a href=\"\">office@gmcid.ro<\/a>\r\n                                    <\/div>\r\n                                <\/div>\r\n                            <\/div>\r\n                            <div class=\"mt-5 text-justify last_text\">\u00cen aceast\u0103 perioad\u0103 \u00een care suntem nevoi\u021bi s\u0103 lu\u0103m m\u0103suri sporite de siguran\u021b\u0103 atunci c\u00e2nd lucr\u0103m sau socializ\u0103m, suntem disponibili prin intermediul aplica\u021biilor video, dar \u0219i pentru \u00eent\u00e2lniri fa\u021b\u0103 \u00een fa\u021b\u0103, cu respectarea recomand\u0103rilor \u0219i obliga\u021biilor impuse de autorit\u0103\u021bi.<\/div>\r\n                            \r\n                           \r\n                            \r\n                        <\/div>\r\n                    <\/div>\r\n                <\/div>\r\n                <div class=\"col-md-6\">\r\n                    <div class=\"contact-form wow fadeInUpSmd\" data-wow-duration=\"1.5s\" data-wow-delay=\".1s\">\r\n                        <h3 class=\"section-title\">Formular de contact<\/h3>\r\n                        \n<div class=\"wpcf7 no-js\" id=\"wpcf7-f5-o1\" lang=\"en-US\" dir=\"ltr\">\n<div class=\"screen-reader-response\"><p role=\"status\" aria-live=\"polite\" aria-atomic=\"true\"><\/p> <ul><\/ul><\/div>\n<form action=\"\/ro\/wp-json\/wp\/v2\/pages\/2444#wpcf7-f5-o1\" method=\"post\" class=\"wpcf7-form init\" aria-label=\"Contact form\" novalidate=\"novalidate\" data-status=\"init\">\n<div style=\"display: none;\">\n<input type=\"hidden\" name=\"_wpcf7\" value=\"5\" \/>\n<input type=\"hidden\" name=\"_wpcf7_version\" value=\"5.9.8\" \/>\n<input type=\"hidden\" name=\"_wpcf7_locale\" value=\"en_US\" \/>\n<input type=\"hidden\" name=\"_wpcf7_unit_tag\" value=\"wpcf7-f5-o1\" \/>\n<input type=\"hidden\" name=\"_wpcf7_container_post\" value=\"0\" \/>\n<input type=\"hidden\" name=\"_wpcf7_posted_data_hash\" value=\"\" \/>\n<\/div>\n<div class=\"form-group form-group--material\">\n\t<p><label>Nume<\/label><span class=\"wpcf7-form-control-wrap\" data-name=\"name\"><input size=\"40\" maxlength=\"400\" class=\"wpcf7-form-control wpcf7-text form-control\" aria-invalid=\"false\" value=\"\" type=\"text\" name=\"name\" \/><\/span>\n\t<\/p>\n<\/div>\n<div class=\"form-group form-group--material\">\n\t<p><label>Email<\/label><span class=\"wpcf7-form-control-wrap\" data-name=\"email\"><input size=\"40\" maxlength=\"400\" class=\"wpcf7-form-control wpcf7-text form-control\" aria-invalid=\"false\" value=\"\" type=\"text\" name=\"email\" \/><\/span>\n\t<\/p>\n<\/div>\n<div class=\"form-group form-group--material\">\n\t<p><label>Telefon<\/label><span class=\"wpcf7-form-control-wrap\" data-name=\"phone\"><input size=\"40\" maxlength=\"400\" class=\"wpcf7-form-control wpcf7-text form-control\" aria-invalid=\"false\" value=\"\" type=\"text\" name=\"phone\" \/><\/span>\n\t<\/p>\n<\/div>\n<div class=\"form-group form-group--material\">\n\t<p><label>Detalii<\/label><span class=\"wpcf7-form-control-wrap\" data-name=\"message\"><textarea cols=\"40\" rows=\"10\" maxlength=\"2000\" class=\"wpcf7-form-control wpcf7-textarea form-control\" aria-invalid=\"false\" name=\"message\"><\/textarea><\/span>\n\t<\/p>\n<\/div>\n<p><input type=\"submit\" value=\"Trimite mesajul\" class=\"btn base-bg btn-md\" \/>\n<\/p>\n<p><span id=\"wpcf7-69e72ff6edf01-wrapper\" class=\"wpcf7-form-control-wrap borcanulcumiere-wrap\" ><input id=\"borcancumiere\"  class=\"wpcf7-form-control wpcf7-text\" type=\"text\" name=\"borcanulcumiere\" value=\"\" size=\"40\" tabindex=\"-1\" autocomplete=\"new-password\" \/><\/span>\n<\/p><p style=\"display: none !important;\" class=\"akismet-fields-container\" data-prefix=\"_wpcf7_ak_\"><label>&#916;<textarea name=\"_wpcf7_ak_hp_textarea\" cols=\"45\" rows=\"8\" maxlength=\"100\"><\/textarea><\/label><input type=\"hidden\" id=\"ak_js_1\" name=\"_wpcf7_ak_js\" value=\"34\"\/><script>document.getElementById( \"ak_js_1\" ).setAttribute( \"value\", ( new Date() ).getTime() );<\/script><\/p><div class=\"wpcf7-response-output\" aria-hidden=\"true\"><\/div>\n<\/form>\n<\/div>\n                    <\/div>\r\n                <\/div>\r\n            <\/div>\r\n        <\/div>\r\n    <\/div>\r\n\r\n    [\/vc_column][\/vc_row][\/vc_section]<\/p>\n","protected":false},"excerpt":{"rendered":"<p>[vc_row full_width=&#8221;stretch_row_content_no_spaces&#8221; el_id=&#8221;slider-insolvency-office&#8221;][vc_column][\/vc_column][\/vc_row][vc_section el_id=&#8221;law-office&#8221;][vc_row content_placement=&#8221;middle&#8221;][vc_column width=&#8221;1\/6&#8243;][\/vc_column][vc_column width=&#8221;2\/3&#8243;][vc_custom_heading text=&#8221;GMC INSOLVENCY OFFICE&#8221; use_theme_fonts=&#8221;yes&#8221; el_class=&#8221;section-title&#8221;][vc_column_text el_class=&#8221;text-justify&#8221;]Datorit\u0103 vastei noastre experien\u021be \u00een domeniul insolven\u021bei, c\u0103p\u0103tat\u0103 lucr\u00e2nd \u00een unele dintre cele mai ample cazuri, cunoa\u0219tem cu exactitate \u0219i \u00een cel mai profund detaliu fiecare&#8230;<\/p>\n","protected":false},"author":1,"featured_media":0,"parent":0,"menu_order":0,"comment_status":"closed","ping_status":"closed","template":"template-parts\/tmp-fullwidth-page.php","meta":{"footnotes":""},"_links":{"self":[{"href":"https:\/\/www.gmcid.ro\/ro\/wp-json\/wp\/v2\/pages\/2444"}],"collection":[{"href":"https:\/\/www.gmcid.ro\/ro\/wp-json\/wp\/v2\/pages"}],"about":[{"href":"https:\/\/www.gmcid.ro\/ro\/wp-json\/wp\/v2\/types\/page"}],"author":[{"embeddable":true,"href":"https:\/\/www.gmcid.ro\/ro\/wp-json\/wp\/v2\/users\/1"}],"replies":[{"embeddable":true,"href":"https:\/\/www.gmcid.ro\/ro\/wp-json\/wp\/v2\/comments?post=2444"}],"version-history":[{"count":29,"href":"https:\/\/www.gmcid.ro\/ro\/wp-json\/wp\/v2\/pages\/2444\/revisions"}],"predecessor-version":[{"id":2877,"href":"https:\/\/www.gmcid.ro\/ro\/wp-json\/wp\/v2\/pages\/2444\/revisions\/2877"}],"wp:attachment":[{"href":"https:\/\/www.gmcid.ro\/ro\/wp-json\/wp\/v2\/media?parent=2444"}],"curies":[{"name":"wp","href":"https:\/\/api.w.org\/{rel}","templated":true}]}}