{"id":2373,"date":"2020-09-16T11:33:48","date_gmt":"2020-09-16T11:33:48","guid":{"rendered":"https:\/\/www.gmcid.ro\/\/ro\/?page_id=2373"},"modified":"2024-02-23T09:09:36","modified_gmt":"2024-02-23T09:09:36","slug":"gmc-law-office","status":"publish","type":"page","link":"https:\/\/www.gmcid.ro\/ro\/gmc-law-office\/","title":{"rendered":"GMCID Law Office"},"content":{"rendered":"<p>[vc_row full_width=&#8221;stretch_row_content_no_spaces&#8221; el_id=&#8221;slider-law-office&#8221;][vc_column]\r\n    <div id=\"rev_slider_1052_1_wrapper\" class=\"all-text-white slider-area rev_slider_wrapper fullscreen-container\" data-alias=\"web-product-dark122\" data-source=\"gallery\">\r\n        <!-- START REVOLUTION SLIDER 5.3.0.2 fullscreen mode -->\r\n        <div id=\"rev_slider_1052_1\" class=\"rev_slider fullscreenbanner\" style=\"display:none;\" data-version=\"5.3.0.2\" >\r\n            <ul>\r\n                                        <li data-index=\"rs-29461\" data-transition=\"boxfade\" data-slotamount=\"1\" data-hideafterloop=\"0\" data-hideslideonmobile=\"off\"  data-easein=\"default\" data-easeout=\"default\" data-masterspeed=\"1500\"  data-rotate=\"0\"  data-fstransition=\"fade\" data-fsmasterspeed=\"1500\" data-fsslotamount=\"7\" data-saveperformance=\"off\"  data-title=\"Intro\">\r\n                            <!-- MAIN IMAGE -->\r\n                            <img src=\"https:\/\/www.gmcid.ro\/ro\/wp-content\/uploads\/2023\/05\/slide3_header.jpg\" alt=\"\"  data-bgposition=\"center center\" data-bgfit=\"cover\" data-bgrepeat=\"no-repeat\" class=\"rev-slidebg\" data-no-retina>\r\n                            <!-- LAYERS 1-->\r\n                            <div class=\"tp-caption tp-resizeme\"\r\n                                 id=\"slide-29461-layer-9\"\r\n                                 data-x=\"['left','left','middle','middle']\"\r\n                                 data-hoffset=\"[140,'140','0','0']\"\r\n                                 data-y=\"['middle','middle','middle','middle']\"\r\n                                 data-voffset=\"['-70','-70','-70','-70']\"\r\n                                 data-fontsize=\"['107','107','48','30']\"\r\n                                 data-lineheight=\"['80','60','50','30']\"\r\n                                 data-width=\"['710','710','500','320']\"\r\n                                 data-height=\"none\"\r\n                                 data-whitespace=\"wrap\"\r\n                                 data-type=\"text\"\r\n                                 data-responsive_offset=\"off\"\r\n                                 data-frames='[{\"from\":\"x:-50px;opacity:0;\",\"speed\":1000,\"to\":\"o:1;\",\"delay\":1000,\"ease\":\"Power2.easeOut\"},{\"delay\":\"wait\",\"speed\":1500,\"to\":\"opacity:0;\",\"ease\":\"Power4.easeIn\"}]'\r\n                                 data-textAlign=\"['left','left','center','center']\"\r\n                                 data-paddingtop=\"[0,0,0,0]\"\r\n                                 data-paddingright=\"[0,0,0,0]\"\r\n                                 data-paddingbottom=\"[0,0,0,0]\"\r\n                                 data-paddingleft=\"[0,0,0,0]\"\r\n                            >\r\n                                <h1 class=\"slider-title\">Legal<br> essence<\/h1>\r\n                            <\/div>\r\n                            <!-- LAYER NR. 2 -->\r\n                            <div class=\"tp-caption tp-resizeme slider-sub-heading-wrap\"\r\n                                 id=\"slide-29461-layer-10\"\r\n                                 data-x=\"['left','left','middle','middle']\"\r\n                                 data-hoffset=\"['140','140','0','0']\"\r\n                                 data-y=\"['middle','middle','middle','middle']\"\r\n                                 data-voffset=\"['90','70','50','50']\"\r\n                                 data-fontsize=\"['15','15','15','15']\"\r\n                                 data-lineheight=\"['24','24','24','24']\"\r\n                                 data-width=\"['710','710','500','320']\"\r\n                                 data-height=\"none\"\r\n                                 data-whitespace=\"wrap\"\r\n                                 data-type=\"text\"\r\n                                 data-responsive_offset=\"off\"\r\n                                 data-frames='[{\"from\":\"x:-50px;opacity:0;\",\"speed\":1000,\"to\":\"o:1;\",\"delay\":1250,\"ease\":\"Power2.easeOut\"},{\"delay\":\"wait\",\"speed\":1500,\"to\":\"opacity:0;\",\"ease\":\"Power4.easeIn\"}]'\r\n                                 data-textAlign=\"['left','left','center','center']\"\r\n                                 data-paddingtop=\"[0,0,0,0]\"\r\n                                 data-paddingright=\"[0,0,0,0]\"\r\n                                 data-paddingbottom=\"[0,0,0,0]\"\r\n                                 data-paddingleft=\"[0,0,0,0]\">\r\n                                <span class=\"slider-sub-heading\">Transform\u0103m dificult\u0103\u021bile \u00een oportunit\u0103\u021bi<\/span>\r\n                            <\/div>\r\n                            <!-- LAYER NR. 3 -->\r\n                            <!-- LAYER NR. 4 -->\r\n                            <div class=\"tp-caption  tp-resizeme slider-button-wrpper\"\r\n                                 id=\"slide-29461-layer-8\"\r\n                                 data-x=\"['left','left','middle','middle']\"\r\n                                 data-hoffset=\"['140','140','0','0']\"\r\n                                 data-y=\"['middle','middle','middle','middle']\"\r\n                                 data-voffset=\"['195','155','145','145']\"\r\n                                 data-width=\"['710','710','500','320']\"\r\n                                 data-height=\"['48','48','48','48']\"\r\n                                 data-whitespace=\"nowrap\"\r\n                                 data-type=\"text\"\r\n                                 data-responsive_offset=\"off\"\r\n                                 data-responsive=\"off\"\r\n                                 data-frames='[{\"from\":\"x:-50px;opacity:0;\",\"speed\":1000,\"to\":\"o:1;\",\"delay\":1750,\"ease\":\"Power2.easeOut\"},{\"delay\":\"wait\",\"speed\":1500,\"to\":\"opacity:0;\",\"ease\":\"Power4.easeIn\"},{\"frame\":\"hover\",\"speed\":\"300\",\"ease\":\"Linear.easeNone\",\"to\":\"o:1;rX:0;rY:0;rZ:0;z:0;\"}]'\r\n                                 data-textAlign=\"['left','left','center','center']\"\r\n                                 data-paddingtop=\"[0,0,0,0]\"\r\n                                 data-paddingright=\"[0,0,0,0]\"\r\n                                 data-paddingbottom=\"[0,0,0,0]\"\r\n                                 data-paddingleft=\"[0,0,0,0]\" >\r\n                                <a href=\"\/ro\/#about-us\" class=\"btn slider-button\">Afl\u0103 detalii<\/a>\r\n                            <\/div>\r\n                        <\/li>\r\n                                    <\/ul>\r\n            <div class=\"tp-bannertimer tp-bottom\" style=\"visibility: hidden !important;\"><\/div>\r\n        <\/div>\r\n    <\/div>\r\n\r\n    [\/vc_column][\/vc_row][vc_section full_height=&#8221;yes&#8221; el_id=&#8221;law-office&#8221;][vc_row content_placement=&#8221;middle&#8221;][vc_column width=&#8221;1\/6&#8243;][\/vc_column][vc_column width=&#8221;2\/3&#8243;][vc_custom_heading text=&#8221;GMCID LAW OFFICE&#8221; use_theme_fonts=&#8221;yes&#8221; el_class=&#8221;section-title&#8221;][vc_column_text]Determinarea, promptitudinea, discre\u021bia, implicarea maxim\u0103 \u0219i creativitatea cu care abord\u0103m fiecare caz \u00een parte ne-au permis s\u0103 c\u0103p\u0103t\u0103m o experien\u021b\u0103 vast\u0103 \u0219i s\u0103 fim remarca\u021bi \u00een cele mai importante domenii de practic\u0103 ale avocaturii, cum ar fi:[\/vc_column_text][\/vc_column][vc_column width=&#8221;1\/6&#8243;][\/vc_column][\/vc_row][vc_row content_placement=&#8221;middle&#8221; el_class=&#8221;d-md-block d-none&#8221;][vc_column width=&#8221;1\/4&#8243;][\/vc_column][vc_column width=&#8221;1\/6&#8243;][vc_single_image image=&#8221;2771&#8243; img_size=&#8221;full&#8221; alignment=&#8221;center&#8221;][\/vc_column][vc_column width=&#8221;1\/6&#8243;][vc_single_image image=&#8221;2768&#8243; img_size=&#8221;full&#8221; alignment=&#8221;center&#8221;][\/vc_column][vc_column width=&#8221;1\/6&#8243;][vc_single_image image=&#8221;2767&#8243; img_size=&#8221;full&#8221; alignment=&#8221;center&#8221;][\/vc_column][vc_column width=&#8221;1\/4&#8243;][\/vc_column][\/vc_row][vc_row content_placement=&#8221;middle&#8221; el_class=&#8221;d-md-none&#8221;][vc_column width=&#8221;1\/2&#8243; el_class=&#8221;vc_col-xs-6&#8243;][vc_single_image image=&#8221;2771&#8243; img_size=&#8221;full&#8221; alignment=&#8221;center&#8221;][\/vc_column][vc_column width=&#8221;1\/2&#8243; el_class=&#8221;vc_col-xs-6&#8243;][vc_single_image image=&#8221;2768&#8243; img_size=&#8221;full&#8221; alignment=&#8221;center&#8221;][\/vc_column][\/vc_row][vc_row content_placement=&#8221;middle&#8221; el_class=&#8221;d-md-block d-none&#8221;][vc_column width=&#8221;1\/4&#8243;][\/vc_column][vc_column width=&#8221;1\/6&#8243;][vc_single_image image=&#8221;2763&#8243; img_size=&#8221;full&#8221; alignment=&#8221;center&#8221;][\/vc_column][vc_column width=&#8221;1\/6&#8243;][vc_single_image image=&#8221;2765&#8243; img_size=&#8221;full&#8221; alignment=&#8221;center&#8221;][\/vc_column][vc_column width=&#8221;1\/6&#8243;][vc_single_image image=&#8221;2764&#8243; img_size=&#8221;full&#8221; alignment=&#8221;center&#8221;][\/vc_column][vc_column width=&#8221;1\/4&#8243;][\/vc_column][\/vc_row][vc_row content_placement=&#8221;middle&#8221; el_class=&#8221;d-md-none&#8221;][vc_column width=&#8221;1\/2&#8243; el_class=&#8221;vc_col-xs-6&#8243;][vc_single_image image=&#8221;2767&#8243; img_size=&#8221;full&#8221; alignment=&#8221;center&#8221;][\/vc_column][vc_column width=&#8221;1\/2&#8243; el_class=&#8221;vc_col-xs-6&#8243;][vc_single_image image=&#8221;2763&#8243; img_size=&#8221;full&#8221; alignment=&#8221;center&#8221;][\/vc_column][\/vc_row][vc_row content_placement=&#8221;middle&#8221; el_class=&#8221;d-md-block d-none&#8221;][vc_column width=&#8221;1\/4&#8243;][\/vc_column][vc_column width=&#8221;1\/6&#8243;][vc_single_image image=&#8221;2774&#8243; img_size=&#8221;full&#8221; alignment=&#8221;center&#8221;][\/vc_column][vc_column width=&#8221;1\/6&#8243;][vc_single_image image=&#8221;2770&#8243; img_size=&#8221;full&#8221; alignment=&#8221;center&#8221;][\/vc_column][vc_column width=&#8221;1\/6&#8243;][vc_single_image image=&#8221;2773&#8243; img_size=&#8221;full&#8221; alignment=&#8221;center&#8221;][\/vc_column][vc_column width=&#8221;1\/4&#8243;][\/vc_column][\/vc_row][vc_row content_placement=&#8221;middle&#8221; el_class=&#8221;d-md-none&#8221;][vc_column width=&#8221;1\/2&#8243; el_class=&#8221;vc_col-xs-6&#8243;][vc_single_image image=&#8221;2765&#8243; img_size=&#8221;full&#8221; alignment=&#8221;center&#8221;][\/vc_column][vc_column width=&#8221;1\/2&#8243; el_class=&#8221;vc_col-xs-6&#8243;][vc_single_image image=&#8221;2764&#8243; img_size=&#8221;full&#8221; alignment=&#8221;center&#8221;][\/vc_column][\/vc_row][vc_row content_placement=&#8221;middle&#8221; el_class=&#8221;d-md-block d-none&#8221;][vc_column width=&#8221;1\/4&#8243;][\/vc_column][vc_column width=&#8221;1\/6&#8243;][vc_single_image image=&#8221;2772&#8243; img_size=&#8221;full&#8221; alignment=&#8221;center&#8221;][\/vc_column][vc_column width=&#8221;1\/6&#8243;][vc_single_image image=&#8221;2766&#8243; img_size=&#8221;full&#8221; alignment=&#8221;center&#8221;][\/vc_column][vc_column width=&#8221;1\/6&#8243;][vc_single_image image=&#8221;2776&#8243; img_size=&#8221;full&#8221; alignment=&#8221;center&#8221;][\/vc_column][vc_column width=&#8221;1\/4&#8243;][\/vc_column][\/vc_row][vc_row content_placement=&#8221;middle&#8221; el_class=&#8221;d-md-none&#8221;][vc_column width=&#8221;1\/2&#8243; el_class=&#8221;vc_col-xs-6&#8243;][vc_single_image image=&#8221;2774&#8243; img_size=&#8221;full&#8221; alignment=&#8221;center&#8221;][\/vc_column][vc_column width=&#8221;1\/2&#8243; el_class=&#8221;vc_col-xs-6&#8243;][vc_single_image image=&#8221;2776&#8243; img_size=&#8221;full&#8221; alignment=&#8221;center&#8221;][\/vc_column][\/vc_row][vc_row content_placement=&#8221;middle&#8221; el_class=&#8221;d-md-block d-none&#8221;][vc_column width=&#8221;1\/4&#8243;][\/vc_column][vc_column width=&#8221;1\/6&#8243;][vc_single_image image=&#8221;2775&#8243; img_size=&#8221;full&#8221; alignment=&#8221;center&#8221;][\/vc_column][vc_column width=&#8221;1\/6&#8243;][vc_single_image image=&#8221;2777&#8243; img_size=&#8221;full&#8221; alignment=&#8221;center&#8221;][\/vc_column][vc_column width=&#8221;1\/6&#8243;][vc_single_image image=&#8221;2769&#8243; img_size=&#8221;full&#8221; alignment=&#8221;center&#8221;][\/vc_column][vc_column width=&#8221;1\/4&#8243;][\/vc_column][\/vc_row][vc_row content_placement=&#8221;middle&#8221; el_class=&#8221;d-md-none&#8221;][vc_column width=&#8221;1\/2&#8243; el_class=&#8221;vc_col-xs-6&#8243;][vc_single_image image=&#8221;2773&#8243; img_size=&#8221;full&#8221; alignment=&#8221;center&#8221;][\/vc_column][vc_column width=&#8221;1\/2&#8243; el_class=&#8221;vc_col-xs-6&#8243;][vc_single_image image=&#8221;2770&#8243; img_size=&#8221;full&#8221; alignment=&#8221;center&#8221;][\/vc_column][\/vc_row][vc_row content_placement=&#8221;middle&#8221; el_class=&#8221;d-md-block d-none&#8221;][vc_column width=&#8221;1\/4&#8243;][\/vc_column][vc_column width=&#8221;1\/6&#8243;][\/vc_column][vc_column width=&#8221;1\/6&#8243;][vc_single_image image=&#8221;2778&#8243; img_size=&#8221;full&#8221; alignment=&#8221;center&#8221;][\/vc_column][vc_column width=&#8221;1\/6&#8243;][\/vc_column][vc_column width=&#8221;1\/4&#8243;][\/vc_column][\/vc_row][vc_row content_placement=&#8221;middle&#8221; el_class=&#8221;d-md-none&#8221;][vc_column width=&#8221;1\/2&#8243; el_class=&#8221;vc_col-xs-6&#8243;][vc_single_image image=&#8221;2777&#8243; img_size=&#8221;full&#8221; alignment=&#8221;center&#8221;][\/vc_column][vc_column width=&#8221;1\/2&#8243; el_class=&#8221;vc_col-xs-6&#8243;][vc_single_image image=&#8221;2778&#8243; img_size=&#8221;full&#8221; alignment=&#8221;center&#8221;][\/vc_column][\/vc_row][vc_row content_placement=&#8221;middle&#8221; el_class=&#8221;d-md-none&#8221;][vc_column width=&#8221;1\/2&#8243; el_class=&#8221;vc_col-xs-6&#8243;][vc_single_image image=&#8221;2772&#8243; img_size=&#8221;full&#8221; alignment=&#8221;center&#8221;][\/vc_column][vc_column width=&#8221;1\/2&#8243; el_class=&#8221;vc_col-xs-6&#8243;][vc_single_image image=&#8221;2769&#8243; img_size=&#8221;full&#8221; alignment=&#8221;center&#8221;][\/vc_column][\/vc_row][vc_row content_placement=&#8221;middle&#8221; el_class=&#8221;d-md-none&#8221;][vc_column width=&#8221;1\/2&#8243; el_class=&#8221;vc_col-xs-6&#8243;][vc_single_image image=&#8221;2775&#8243; img_size=&#8221;full&#8221; alignment=&#8221;center&#8221;][\/vc_column][vc_column width=&#8221;1\/2&#8243; el_class=&#8221;vc_col-xs-6&#8243;][vc_single_image image=&#8221;2766&#8243; img_size=&#8221;full&#8221; alignment=&#8221;center&#8221;][\/vc_column][\/vc_row][vc_row][vc_column width=&#8221;1\/6&#8243;][\/vc_column][vc_column width=&#8221;2\/3&#8243;][vc_separator][\/vc_column][vc_column width=&#8221;1\/6&#8243;][\/vc_column][\/vc_row][vc_row css=&#8221;.vc_custom_1600258914453{background-image: url(https:\/\/www.gmcid.ro\/\/ro\/wp-content\/uploads\/2020\/08\/people_slide.jpg?id=2223) !important;background-position: 0 0 !important;background-repeat: no-repeat !important;}&#8221; el_id=&#8221;businessmen&#8221;][vc_column width=&#8221;1\/6&#8243;][\/vc_column][vc_column width=&#8221;2\/3&#8243;][vc_column_text el_class=&#8221;text-justify&#8221;]Flexibilitatea echipei noastre dedicate fiec\u0103rui proiect \u00een func\u021bie de particularit\u0103\u021bile sale, ne ajut\u0103 s\u0103 trat\u0103m orice caz, indiferent de aria de practic\u0103, de complexitatea sau de specificul s\u0103u, cu cel mai \u00eenalt dar totodat\u0103 \u0219i cel mai eficient profesionalism.<\/p>\n<p>Modul nostru de lucru conduce c\u0103tre finalizarea cu succes a proiectelor \u00een care ne implic\u0103m, rezultatul fiind mereu acela\u0219i: <strong>transform\u0103m dificult\u0103\u021bile \u00een oportunit\u0103\u021bi<\/strong> pentru c\u0103 <strong>abordarea noastr\u0103 face diferen\u021ba<\/strong>.[\/vc_column_text][\/vc_column][vc_column width=&#8221;1\/6&#8243;][\/vc_column][\/vc_row][vc_row full_width=&#8221;stretch_row_content_no_spaces&#8221; el_class=&#8221;croll-precise-menu-item-approach&#8221; el_id=&#8221;contact-us-gmc&#8221;][vc_column]\r\n    <div class=\"contact-us-section\">\r\n        <div class=\"container\">\r\n            <div class=\"row\">\r\n                <div class=\"col-md-6\">\r\n                    <div class=\"countact-text \">\r\n                        <div class=\"countact-text-inner all-text-white\">\r\n                            <h2 class=\"h2_style\">Contacta\u021bi-ne<\/h2>\r\n                            <div class=\"before_text text-justify\">R\u0103spundem oric\u0103ror solicit\u0103ri sau \u00eentreb\u0103ri pe care le ave\u021bi \u00een leg\u0103tur\u0103 cu activitatea noastr\u0103 \u0219i modul \u00een care v\u0103 putem fi de folos. L\u0103sa\u021bi-ne un mesaj \u00een formularul de mai jos sau apela\u021bi-ne telefonic.<\/div>\r\n                            <div class=\"row align-items-center\">\r\n                                <div class=\"col-lg-4 d-flex justify-content-center\">\r\n                                    <div class=\"logo mb30 mb-0\">\r\n                                        <img src=\"https:\/\/www.gmcid.ro\/ro\/wp-content\/uploads\/2023\/05\/gmcid-preloaderalb.svg\" alt=\"\">\r\n                                    <\/div>\r\n                                <\/div>\r\n                                <div class=\"col-lg-8 border-left pl-5 pb-3\">\r\n                                    <span class=\"letter-spacing call-title pdt25\">CONTACTA\u021aI-NE LA<\/span>\r\n                                    <div class=\"mobile-number\">\r\n                                         <a href=\"tel:+40 313 335 554\">+40 313 335 554<\/a>\r\n                                    <\/div>\r\n                                    <span class=\"for-title letter-spacing\"><\/span>\r\n                                    <div class=\"call-reason\">\r\n                                                                           <\/div>\r\n                                    <span class=\"call-or\">sau prin e-mail<\/span>\r\n                                    <div class=\"letter-spacing send-message\">\r\n                                        <a href=\"\">office@gmcid.ro<\/a>\r\n                                    <\/div>\r\n                                <\/div>\r\n                            <\/div>\r\n                            <div class=\"mt-5 text-justify last_text\">\u00cen aceast\u0103 perioad\u0103 \u00een care suntem nevoi\u021bi s\u0103 lu\u0103m m\u0103suri sporite de siguran\u021b\u0103 atunci c\u00e2nd lucr\u0103m sau socializ\u0103m, suntem disponibili prin intermediul aplica\u021biilor video, dar \u0219i pentru \u00eent\u00e2lniri fa\u021b\u0103 \u00een fa\u021b\u0103, cu respectarea recomand\u0103rilor \u0219i obliga\u021biilor impuse de autorit\u0103\u021bi.<\/div>\r\n                            \r\n                           \r\n                            \r\n                        <\/div>\r\n                    <\/div>\r\n                <\/div>\r\n                <div class=\"col-md-6\">\r\n                    <div class=\"contact-form wow fadeInUpSmd\" data-wow-duration=\"1.5s\" data-wow-delay=\".1s\">\r\n                        <h3 class=\"section-title\">Formular de contact<\/h3>\r\n                        \n<div class=\"wpcf7 no-js\" id=\"wpcf7-f5-o1\" lang=\"en-US\" dir=\"ltr\">\n<div class=\"screen-reader-response\"><p role=\"status\" aria-live=\"polite\" aria-atomic=\"true\"><\/p> <ul><\/ul><\/div>\n<form action=\"\/ro\/wp-json\/wp\/v2\/pages\/2373#wpcf7-f5-o1\" method=\"post\" class=\"wpcf7-form init\" aria-label=\"Contact form\" novalidate=\"novalidate\" data-status=\"init\">\n<div style=\"display: none;\">\n<input type=\"hidden\" name=\"_wpcf7\" value=\"5\" \/>\n<input type=\"hidden\" name=\"_wpcf7_version\" value=\"5.9.8\" \/>\n<input type=\"hidden\" name=\"_wpcf7_locale\" value=\"en_US\" \/>\n<input type=\"hidden\" name=\"_wpcf7_unit_tag\" value=\"wpcf7-f5-o1\" \/>\n<input type=\"hidden\" name=\"_wpcf7_container_post\" value=\"0\" \/>\n<input type=\"hidden\" name=\"_wpcf7_posted_data_hash\" value=\"\" \/>\n<\/div>\n<div class=\"form-group form-group--material\">\n\t<p><label>Nume<\/label><span class=\"wpcf7-form-control-wrap\" data-name=\"name\"><input size=\"40\" maxlength=\"400\" class=\"wpcf7-form-control wpcf7-text form-control\" aria-invalid=\"false\" value=\"\" type=\"text\" name=\"name\" \/><\/span>\n\t<\/p>\n<\/div>\n<div class=\"form-group form-group--material\">\n\t<p><label>Email<\/label><span class=\"wpcf7-form-control-wrap\" data-name=\"email\"><input size=\"40\" maxlength=\"400\" class=\"wpcf7-form-control wpcf7-text form-control\" aria-invalid=\"false\" value=\"\" type=\"text\" name=\"email\" \/><\/span>\n\t<\/p>\n<\/div>\n<div class=\"form-group form-group--material\">\n\t<p><label>Telefon<\/label><span class=\"wpcf7-form-control-wrap\" data-name=\"phone\"><input size=\"40\" maxlength=\"400\" class=\"wpcf7-form-control wpcf7-text form-control\" aria-invalid=\"false\" value=\"\" type=\"text\" name=\"phone\" \/><\/span>\n\t<\/p>\n<\/div>\n<div class=\"form-group form-group--material\">\n\t<p><label>Detalii<\/label><span class=\"wpcf7-form-control-wrap\" data-name=\"message\"><textarea cols=\"40\" rows=\"10\" maxlength=\"2000\" class=\"wpcf7-form-control wpcf7-textarea form-control\" aria-invalid=\"false\" name=\"message\"><\/textarea><\/span>\n\t<\/p>\n<\/div>\n<p><input type=\"submit\" value=\"Trimite mesajul\" class=\"btn base-bg btn-md\" \/>\n<\/p>\n<p><span id=\"wpcf7-69dfe168e3b70-wrapper\" class=\"wpcf7-form-control-wrap borcanulcumiere-wrap\" ><input id=\"borcancumiere\"  class=\"wpcf7-form-control wpcf7-text\" type=\"text\" name=\"borcanulcumiere\" value=\"\" size=\"40\" tabindex=\"-1\" autocomplete=\"new-password\" \/><\/span>\n<\/p><p style=\"display: none !important;\" class=\"akismet-fields-container\" data-prefix=\"_wpcf7_ak_\"><label>&#916;<textarea name=\"_wpcf7_ak_hp_textarea\" cols=\"45\" rows=\"8\" maxlength=\"100\"><\/textarea><\/label><input type=\"hidden\" id=\"ak_js_1\" name=\"_wpcf7_ak_js\" value=\"137\"\/><script>document.getElementById( \"ak_js_1\" ).setAttribute( \"value\", ( new Date() ).getTime() );<\/script><\/p><div class=\"wpcf7-response-output\" aria-hidden=\"true\"><\/div>\n<\/form>\n<\/div>\n                    <\/div>\r\n                <\/div>\r\n            <\/div>\r\n        <\/div>\r\n    <\/div>\r\n\r\n    [\/vc_column][\/vc_row][\/vc_section]<\/p>\n","protected":false},"excerpt":{"rendered":"<p>[vc_row full_width=&#8221;stretch_row_content_no_spaces&#8221; el_id=&#8221;slider-law-office&#8221;][vc_column][\/vc_column][\/vc_row][vc_section full_height=&#8221;yes&#8221; el_id=&#8221;law-office&#8221;][vc_row content_placement=&#8221;middle&#8221;][vc_column width=&#8221;1\/6&#8243;][\/vc_column][vc_column width=&#8221;2\/3&#8243;][vc_custom_heading text=&#8221;GMCID LAW OFFICE&#8221; use_theme_fonts=&#8221;yes&#8221; el_class=&#8221;section-title&#8221;][vc_column_text]Determinarea, promptitudinea, discre\u021bia, implicarea maxim\u0103 \u0219i creativitatea cu care abord\u0103m fiecare caz \u00een parte ne-au permis s\u0103 c\u0103p\u0103t\u0103m o experien\u021b\u0103 vast\u0103 \u0219i s\u0103 fim remarca\u021bi \u00een&#8230;<\/p>\n","protected":false},"author":1,"featured_media":0,"parent":0,"menu_order":0,"comment_status":"closed","ping_status":"closed","template":"template-parts\/tmp-fullwidth-page.php","meta":{"footnotes":""},"_links":{"self":[{"href":"https:\/\/www.gmcid.ro\/ro\/wp-json\/wp\/v2\/pages\/2373"}],"collection":[{"href":"https:\/\/www.gmcid.ro\/ro\/wp-json\/wp\/v2\/pages"}],"about":[{"href":"https:\/\/www.gmcid.ro\/ro\/wp-json\/wp\/v2\/types\/page"}],"author":[{"embeddable":true,"href":"https:\/\/www.gmcid.ro\/ro\/wp-json\/wp\/v2\/users\/1"}],"replies":[{"embeddable":true,"href":"https:\/\/www.gmcid.ro\/ro\/wp-json\/wp\/v2\/comments?post=2373"}],"version-history":[{"count":90,"href":"https:\/\/www.gmcid.ro\/ro\/wp-json\/wp\/v2\/pages\/2373\/revisions"}],"predecessor-version":[{"id":2876,"href":"https:\/\/www.gmcid.ro\/ro\/wp-json\/wp\/v2\/pages\/2373\/revisions\/2876"}],"wp:attachment":[{"href":"https:\/\/www.gmcid.ro\/ro\/wp-json\/wp\/v2\/media?parent=2373"}],"curies":[{"name":"wp","href":"https:\/\/api.w.org\/{rel}","templated":true}]}}